{"id":61,"date":"2021-09-23T10:04:32","date_gmt":"2021-09-23T08:04:32","guid":{"rendered":"https:\/\/shop.produktyvciel.sk\/?post_type=product&#038;p=61"},"modified":"2026-03-09T15:16:11","modified_gmt":"2026-03-09T14:16:11","slug":"vceli-pel-500g","status":"publish","type":"product","link":"https:\/\/shop.produktyvciel.sk\/?product=vceli-pel-500g","title":{"rendered":"Produkty v\u010diel &#8211; V\u010del\u00ed pe\u013e 500g"},"content":{"rendered":"<p>Objavte blahod\u00e1rne \u00fa\u010dinky n\u00e1\u0161ho kvalitn\u00e9ho v\u010delieho pe\u013eu, pr\u00edrodn\u00e9ho produktu bohat\u00e9ho na \u017eiviny a prospe\u0161n\u00e9 l\u00e1tky. Na\u0161 v\u010del\u00ed pe\u013e je starostlivo zhroma\u017e\u010fovan\u00fd a spracov\u00e1van\u00fd, aby sme v\u00e1m priniesli v\u00fdrobok najvy\u0161\u0161ej kvality.<\/p>\n<p>V\u010del\u00ed pe\u013e je z\u00e1zrak pr\u00edrody, pln\u00fd bielkov\u00edn, vitam\u00ednov, miner\u00e1lov a antioxidantov, ktor\u00e9 s\u00fa d\u00f4le\u017eit\u00e9 pre va\u0161e zdravie a wellness. Jeho vynikaj\u00faci obsah vitam\u00ednu C, vitam\u00ednov skupiny B a \u010fal\u0161\u00edch d\u00f4le\u017eit\u00fdch \u017eiv\u00edn posil\u0148uje imunitn\u00fd syst\u00e9m, dod\u00e1va energiu a podporuje spr\u00e1vne fungovanie organizmu.<\/p>\n<p>Na\u0161a v\u010del\u00e1rska firma sa zameriava na kvalitu a starostlivos\u0165 o v\u010delie produkty. V\u010del\u00ed pe\u013e, ktor\u00fd v\u00e1m poskytujeme, poch\u00e1dza z pr\u00edrodn\u00e9ho prostredia a je starostlivo spracov\u00e1van\u00fd, aby sa zachovali jeho v\u00fd\u017eivov\u00e9 hodnoty a prospe\u0161n\u00e9 vlastnosti.<\/p>\n<p>Nech u\u017e vyber\u00e1te na\u0161e 1 kg balenie, 500 g balenie alebo 150 g balenie, m\u00f4\u017eete sa spo\u013eahn\u00fa\u0165 na \u010derstvos\u0165 a kvalitu v\u010delieho pe\u013eu, ktor\u00fd v\u00e1m dod\u00e1vame. Je to pr\u00edrodn\u00fd produkt, ktor\u00fd si zasl\u00fa\u017ei miesto vo va\u0161ej strave a \u017eivotnom \u0161t\u00fdle.<\/p>\n<p>Vylep\u0161te svoje zdravie a vitalitu s v\u010del\u00edm pe\u013eom od na\u0161ej spo\u013eahlivej v\u010del\u00e1rskej firmy. Objavte silu pr\u00edrody a vyu\u017eite v\u0161etky v\u00fdhody tohto jedine\u010dn\u00e9ho superpotravinov\u00e9ho doplnku.<\/p>\n<p>ZLOZENIE:<\/p>\n<p>&#8211; bielkoviny &#8211; v\u00fdznamn\u00e1 je vysok\u00e1 koncentr\u00e1cia esenci\u00e1lnych aminokysel\u00edn (leuc\u00edn, izoleuc\u00edn, val\u00edn, lyz\u00edn, metion\u00edn, fenylalan\u00edn, treon\u00edn a tryptof\u00e1n. 30g pe\u013eu dok\u00e1\u017ee \u00faplne pokry\u0165 denn\u00fa potrebu esenci\u00e1lnych aminokysel\u00edn pre \u013eudsk\u00fd organizmus<br \/>\n&#8211; sacharidy \u2013 gluk\u00f3za, frukt\u00f3za, dextr\u00edn, \u0161krob, celul\u00f3za, rib\u00f3za, pent\u00f3za, kyselina glukur\u00f3nov\u00e1, kyselina pyrohroznov\u00e1, pollen\u00edn.<br \/>\n&#8211; Tuky \u2013 najhodnotnej\u0161ie s\u00fa esenci\u00e1lne masn\u00e9 kyseliny: linolov\u00e1, linol\u00e9nov\u00e1, arachidonov\u00e1.<br \/>\n&#8211; Miner\u00e1lne l\u00e1tky \u2013 drasl\u00edk, hor\u010d\u00edk, v\u00e1pnik, me\u010f, \u017eelezo, krem\u00edk, fosfor, s\u00edra, chl\u00f3r, mang\u00e1n.<br \/>\n&#8211; Vitam\u00edny \u2013 A, B1, B2, B3, B5, B6, B7, B9, B12, C, D, E, K.<br \/>\n&#8211; Ostatn\u00e9 zlo\u017eky \u2013 organick\u00e9 kyseliny, terpent\u00edny, nukleov\u00e9 kyseliny, regul\u00e1tory rastu a viac ako 100 enz\u00fdmov.<\/p>\n<p>POUZITIE:<\/p>\n<p>deti 3-6 rokov: 2x denne\/1 \u010dajov\u00fa ly\u017ei\u010dku = (10g denne)<br \/>\ndeti 7-17 rokov: 3x denne\/1 \u010dajov\u00fa ly\u017ei\u010dku = (15g denne)<br \/>\ndospel\u00ed: 4x denne\/1 \u010dajov\u00fa ly\u017ei\u010dku = (20g denne)<\/p>\n<p>Ak v\u00e1m nevyhovuje samotn\u00e9 u\u017e\u00edvanie pe\u013eu, tak ho primie\u0161ajte do jogurtu, d\u017e\u00fasu, ovesen\u00fdch vlo\u010diek, ka\u0161\u00ed alebo in\u00e9ho jedla. Existuj\u00fa v\u0161ak aj \u010fal\u0161ie sp\u00f4soby napr\u00edklad:<br \/>\n25g obn\u00f4\u017ekov\u00e9ho pe\u013eu vmie\u0161ame do 250g medu, u\u017e\u00edvame 3 x denne 1 \u010dajov\u00e9 ly\u017ei\u010dku<\/p>\n<p>\u00da\u010cINKY:<br \/>\npri chudokrvnosti z nedostatku \u017eeleza, pri an\u00e9mii n\u00e1sledkom silnej men\u0161tru\u00e1cii,<br \/>\npri chorob\u00e1ch pe\u010dene \u2013 po \u017elta\u010dke, pri cirh\u00f3ze, pri srdcovo cievnych ochoreniach,<br \/>\npri chronickom z\u00e1pale prostaty, po oper\u00e1ci\u00e1ch prostaty,<br \/>\npri z\u00e1pche, \u017eal\u00fado\u010dn\u00fdch probl\u00e9moch, ochoreniach \u010driev a\u00a0\u0165a\u017ekosti s\u00a0tr\u00e1ven\u00edm,<br \/>\npri nechutenstve a \u00fabytku hmotnosti,<br \/>\npri poruch\u00e1ch telesn\u00e9ho a psychick\u00e9ho v\u00fdvoja,<br \/>\npri ochoreniach ko\u017ee, k\u013abov, o\u010d\u00ed,<br \/>\npri poruch\u00e1ch sp\u00e1nku a depresi\u00e1ch, v\u010faka bohat\u00e9mu obsahu zinku a vitam\u00ednu B6,<br \/>\npri cukrovke \u2013 pom\u00e1ha regulova\u0165 hladinu gluk\u00f3zy,<br \/>\npri dermatologick\u00fdch poruch\u00e1ch, napr\u00edklad vredoch, akn\u00e9, ekz\u00e9moch, herpesoch,<br \/>\npri hojen\u00ed r\u00e1n a po\u0161koden\u00fdch tkan\u00edv,<br \/>\npri \u017eilovej nedostato\u010dnosti, k\u0155\u010dov\u00fdch \u017eil\u00e1ch, hemoroidoch,<br \/>\npri zv\u00fd\u0161enej fyzickej a psychickej n\u00e1mahe.<\/p>\n<p>Dostupn\u00e9 do 2 dn\u00ed<\/p>\n","protected":false},"excerpt":{"rendered":"<p>Objavte blahod\u00e1rne \u00fa\u010dinky n\u00e1\u0161ho kvalitn\u00e9ho v\u010delieho pe\u013eu, pr\u00edrodn\u00e9ho produktu bohat\u00e9ho na \u017eiviny a prospe\u0161n\u00e9 l\u00e1tky. Na\u0161 v\u010del\u00ed pe\u013e je starostlivo zhroma\u017e\u010fovan\u00fd a spracov\u00e1van\u00fd, aby sme v\u00e1m priniesli v\u00fdrobok najvy\u0161\u0161ej kvality. V\u010del\u00ed pe\u013e je z\u00e1zrak pr\u00edrody, pln\u00fd bielkov\u00edn, vitam\u00ednov, miner\u00e1lov a antioxidantov, ktor\u00e9 s\u00fa d\u00f4le\u017eit\u00e9 pre va\u0161e zdravie a wellness. Jeho vynikaj\u00faci obsah vitam\u00ednu C, vitam\u00ednov [&hellip;]<\/p>\n","protected":false},"featured_media":937,"comment_status":"open","ping_status":"closed","template":"","meta":[],"product_brand":[],"product_cat":[27],"product_tag":[],"class_list":{"0":"post-61","1":"product","2":"type-product","3":"status-publish","4":"has-post-thumbnail","6":"product_cat-vcelie-produkty","8":"first","9":"instock","10":"shipping-taxable","11":"purchasable","12":"product-type-simple"},"_links":{"self":[{"href":"https:\/\/shop.produktyvciel.sk\/index.php?rest_route=\/wp\/v2\/product\/61","targetHints":{"allow":["GET"]}}],"collection":[{"href":"https:\/\/shop.produktyvciel.sk\/index.php?rest_route=\/wp\/v2\/product"}],"about":[{"href":"https:\/\/shop.produktyvciel.sk\/index.php?rest_route=\/wp\/v2\/types\/product"}],"replies":[{"embeddable":true,"href":"https:\/\/shop.produktyvciel.sk\/index.php?rest_route=%2Fwp%2Fv2%2Fcomments&post=61"}],"wp:featuredmedia":[{"embeddable":true,"href":"https:\/\/shop.produktyvciel.sk\/index.php?rest_route=\/wp\/v2\/media\/937"}],"wp:attachment":[{"href":"https:\/\/shop.produktyvciel.sk\/index.php?rest_route=%2Fwp%2Fv2%2Fmedia&parent=61"}],"wp:term":[{"taxonomy":"product_brand","embeddable":true,"href":"https:\/\/shop.produktyvciel.sk\/index.php?rest_route=%2Fwp%2Fv2%2Fproduct_brand&post=61"},{"taxonomy":"product_cat","embeddable":true,"href":"https:\/\/shop.produktyvciel.sk\/index.php?rest_route=%2Fwp%2Fv2%2Fproduct_cat&post=61"},{"taxonomy":"product_tag","embeddable":true,"href":"https:\/\/shop.produktyvciel.sk\/index.php?rest_route=%2Fwp%2Fv2%2Fproduct_tag&post=61"}],"curies":[{"name":"wp","href":"https:\/\/api.w.org\/{rel}","templated":true}]}}